{"id":186,"date":"2025-09-24T09:41:00","date_gmt":"2025-09-24T07:41:00","guid":{"rendered":"http:\/\/dartdebica.pl\/?page_id=186"},"modified":"2025-10-08T11:01:48","modified_gmt":"2025-10-08T09:01:48","slug":"dzialalnosc-charytatywna","status":"publish","type":"page","link":"https:\/\/dartdebica.pl\/?page_id=186","title":{"rendered":"Dzia\u0142alno\u015b\u0107 charytatywna"},"content":{"rendered":"\n<h2 class=\"wp-block-heading\"><\/h2>\n\n\n\n<p>W Stowarzyszeniu Dart D\u0119bica wierzymy, \u017ce sport mo\u017ce nie tylko \u0142\u0105czy\u0107 ludzi, ale tak\u017ce realnie pomaga\u0107 tym, kt\u00f3rzy najbardziej tego potrzebuj\u0105. Dlatego od lat aktywnie anga\u017cujemy si\u0119 w inicjatywy charytatywne, wspieraj\u0105c zar\u00f3wno og\u00f3lnopolskie, jak i lokalne akcje.<\/p>\n\n\n\n<p>Ka\u017cdego roku bierzemy udzia\u0142 w fina\u0142ach <strong>Wielkiej Orkiestry \u015awi\u0105tecznej Pomocy<\/strong>, organizuj\u0105c zabawy z dartem, z kt\u00f3rych doch\u00f3d przekazywany jest na rzecz WO\u015aP. To dla nas co\u015b wi\u0119cej ni\u017c tradycja \u2014 to okazja, by przez sport nie\u015b\u0107 pomoc.<\/p>\n\n\n\n<figure class=\"wp-block-gallery has-nested-images columns-default is-cropped wp-block-gallery-1 is-layout-flex wp-block-gallery-is-layout-flex\">\n<figure class=\"wp-block-image size-large\"><img loading=\"lazy\" decoding=\"async\" width=\"1024\" height=\"473\" data-id=\"187\" src=\"https:\/\/dartdebica.pl\/wp-content\/uploads\/2025\/09\/481307010_2649028551956828_157728909588196098_n-1024x473.jpg\" alt=\"\" class=\"wp-image-187\" srcset=\"https:\/\/dartdebica.pl\/wp-content\/uploads\/2025\/09\/481307010_2649028551956828_157728909588196098_n-1024x473.jpg 1024w, https:\/\/dartdebica.pl\/wp-content\/uploads\/2025\/09\/481307010_2649028551956828_157728909588196098_n-300x139.jpg 300w, https:\/\/dartdebica.pl\/wp-content\/uploads\/2025\/09\/481307010_2649028551956828_157728909588196098_n-768x355.jpg 768w, https:\/\/dartdebica.pl\/wp-content\/uploads\/2025\/09\/481307010_2649028551956828_157728909588196098_n-1536x709.jpg 1536w, https:\/\/dartdebica.pl\/wp-content\/uploads\/2025\/09\/481307010_2649028551956828_157728909588196098_n-2048x946.jpg 2048w\" sizes=\"auto, (max-width: 1024px) 100vw, 1024px\" \/><\/figure>\n\n\n\n<figure class=\"wp-block-image size-large\"><img loading=\"lazy\" decoding=\"async\" width=\"1024\" height=\"473\" data-id=\"188\" src=\"https:\/\/dartdebica.pl\/wp-content\/uploads\/2025\/09\/481476646_2649028598623490_5152786477258954603_n-1024x473.jpg\" alt=\"\" class=\"wp-image-188\" srcset=\"https:\/\/dartdebica.pl\/wp-content\/uploads\/2025\/09\/481476646_2649028598623490_5152786477258954603_n-1024x473.jpg 1024w, https:\/\/dartdebica.pl\/wp-content\/uploads\/2025\/09\/481476646_2649028598623490_5152786477258954603_n-300x139.jpg 300w, https:\/\/dartdebica.pl\/wp-content\/uploads\/2025\/09\/481476646_2649028598623490_5152786477258954603_n-768x355.jpg 768w, https:\/\/dartdebica.pl\/wp-content\/uploads\/2025\/09\/481476646_2649028598623490_5152786477258954603_n-1536x709.jpg 1536w, https:\/\/dartdebica.pl\/wp-content\/uploads\/2025\/09\/481476646_2649028598623490_5152786477258954603_n-2048x946.jpg 2048w\" sizes=\"auto, (max-width: 1024px) 100vw, 1024px\" \/><\/figure>\n\n\n\n<figure class=\"wp-block-image size-large\"><img loading=\"lazy\" decoding=\"async\" width=\"768\" height=\"1024\" data-id=\"189\" src=\"https:\/\/dartdebica.pl\/wp-content\/uploads\/2025\/09\/481998369_2648827845310232_3328477083573438888_n-768x1024.jpg\" alt=\"\" class=\"wp-image-189\" srcset=\"https:\/\/dartdebica.pl\/wp-content\/uploads\/2025\/09\/481998369_2648827845310232_3328477083573438888_n-768x1024.jpg 768w, https:\/\/dartdebica.pl\/wp-content\/uploads\/2025\/09\/481998369_2648827845310232_3328477083573438888_n-225x300.jpg 225w, https:\/\/dartdebica.pl\/wp-content\/uploads\/2025\/09\/481998369_2648827845310232_3328477083573438888_n-1152x1536.jpg 1152w, https:\/\/dartdebica.pl\/wp-content\/uploads\/2025\/09\/481998369_2648827845310232_3328477083573438888_n.jpg 1301w\" sizes=\"auto, (max-width: 768px) 100vw, 768px\" \/><\/figure>\n<\/figure>\n\n\n\n<p>Od pocz\u0105tku wspieramy tak\u017ce <strong>bieg charytatywny organizowany przez Stowarzyszenie Czarne Gryfy<\/strong>, kt\u00f3ry pomaga dzieciom zmagaj\u0105cym si\u0119 z ci\u0119\u017ckimi chorobami. Nasza obecno\u015b\u0107 na tym wydarzeniu to nie tylko udzia\u0142, ale przede wszystkim serce i zaanga\u017cowanie, kt\u00f3re wk\u0142adamy w pomoc potrzebuj\u0105cym.<\/p>\n\n\n\n<figure class=\"wp-block-gallery has-nested-images columns-default is-cropped wp-block-gallery-2 is-layout-flex wp-block-gallery-is-layout-flex\">\n<figure class=\"wp-block-image size-large\"><img loading=\"lazy\" decoding=\"async\" width=\"206\" height=\"206\" data-id=\"190\" src=\"https:\/\/dartdebica.pl\/wp-content\/uploads\/2025\/09\/507686537_1114391520723213_1704568923381119296_n.jpg\" alt=\"\" class=\"wp-image-190\" srcset=\"https:\/\/dartdebica.pl\/wp-content\/uploads\/2025\/09\/507686537_1114391520723213_1704568923381119296_n.jpg 206w, https:\/\/dartdebica.pl\/wp-content\/uploads\/2025\/09\/507686537_1114391520723213_1704568923381119296_n-150x150.jpg 150w\" sizes=\"auto, (max-width: 206px) 100vw, 206px\" \/><\/figure>\n\n\n\n<figure class=\"wp-block-image size-large\"><img loading=\"lazy\" decoding=\"async\" width=\"206\" height=\"206\" data-id=\"191\" src=\"https:\/\/dartdebica.pl\/wp-content\/uploads\/2025\/09\/507720971_1114391504056548_1065039890779058214_n.jpg\" alt=\"\" class=\"wp-image-191\" srcset=\"https:\/\/dartdebica.pl\/wp-content\/uploads\/2025\/09\/507720971_1114391504056548_1065039890779058214_n.jpg 206w, https:\/\/dartdebica.pl\/wp-content\/uploads\/2025\/09\/507720971_1114391504056548_1065039890779058214_n-150x150.jpg 150w\" sizes=\"auto, (max-width: 206px) 100vw, 206px\" \/><\/figure>\n\n\n\n<figure class=\"wp-block-image size-large\"><img loading=\"lazy\" decoding=\"async\" width=\"1024\" height=\"450\" data-id=\"192\" src=\"https:\/\/dartdebica.pl\/wp-content\/uploads\/2025\/09\/508158268_1114352577393774_4899930352986284373_n-1024x450.jpg\" alt=\"\" class=\"wp-image-192\" srcset=\"https:\/\/dartdebica.pl\/wp-content\/uploads\/2025\/09\/508158268_1114352577393774_4899930352986284373_n-1024x450.jpg 1024w, https:\/\/dartdebica.pl\/wp-content\/uploads\/2025\/09\/508158268_1114352577393774_4899930352986284373_n-300x132.jpg 300w, https:\/\/dartdebica.pl\/wp-content\/uploads\/2025\/09\/508158268_1114352577393774_4899930352986284373_n-768x337.jpg 768w, https:\/\/dartdebica.pl\/wp-content\/uploads\/2025\/09\/508158268_1114352577393774_4899930352986284373_n-1536x674.jpg 1536w, https:\/\/dartdebica.pl\/wp-content\/uploads\/2025\/09\/508158268_1114352577393774_4899930352986284373_n-2048x899.jpg 2048w\" sizes=\"auto, (max-width: 1024px) 100vw, 1024px\" \/><\/figure>\n<\/figure>\n\n\n\n<p>Regularnie organizujemy r\u00f3wnie\u017c <strong>turnieje darta<\/strong>, podczas kt\u00f3rych prowadzimy <strong>zbi\u00f3rki dla os\u00f3b w trudnej sytuacji \u017cyciowej<\/strong>. Nasi zawodnicy i kibice zawsze pokazuj\u0105, \u017ce maj\u0105 nie tylko celne oko, ale te\u017c wielkie serce.<\/p>\n\n\n\n<figure class=\"wp-block-gallery has-nested-images columns-default is-cropped wp-block-gallery-3 is-layout-flex wp-block-gallery-is-layout-flex\">\n<figure class=\"wp-block-image size-large\"><img loading=\"lazy\" decoding=\"async\" width=\"1024\" height=\"450\" data-id=\"193\" src=\"https:\/\/dartdebica.pl\/wp-content\/uploads\/2025\/09\/508363861_1114351740727191_2052094997632194388_n-1024x450.jpg\" alt=\"\" class=\"wp-image-193\" srcset=\"https:\/\/dartdebica.pl\/wp-content\/uploads\/2025\/09\/508363861_1114351740727191_2052094997632194388_n-1024x450.jpg 1024w, https:\/\/dartdebica.pl\/wp-content\/uploads\/2025\/09\/508363861_1114351740727191_2052094997632194388_n-300x132.jpg 300w, https:\/\/dartdebica.pl\/wp-content\/uploads\/2025\/09\/508363861_1114351740727191_2052094997632194388_n-768x337.jpg 768w, https:\/\/dartdebica.pl\/wp-content\/uploads\/2025\/09\/508363861_1114351740727191_2052094997632194388_n-1536x674.jpg 1536w, https:\/\/dartdebica.pl\/wp-content\/uploads\/2025\/09\/508363861_1114351740727191_2052094997632194388_n.jpg 1968w\" sizes=\"auto, (max-width: 1024px) 100vw, 1024px\" \/><\/figure>\n\n\n\n<figure class=\"wp-block-image size-large\"><img loading=\"lazy\" decoding=\"async\" width=\"1024\" height=\"450\" data-id=\"194\" src=\"https:\/\/dartdebica.pl\/wp-content\/uploads\/2025\/09\/508405356_1114352847393747_8141215990831685269_n-1024x450.jpg\" alt=\"\" class=\"wp-image-194\" srcset=\"https:\/\/dartdebica.pl\/wp-content\/uploads\/2025\/09\/508405356_1114352847393747_8141215990831685269_n-1024x450.jpg 1024w, https:\/\/dartdebica.pl\/wp-content\/uploads\/2025\/09\/508405356_1114352847393747_8141215990831685269_n-300x132.jpg 300w, https:\/\/dartdebica.pl\/wp-content\/uploads\/2025\/09\/508405356_1114352847393747_8141215990831685269_n-768x337.jpg 768w, https:\/\/dartdebica.pl\/wp-content\/uploads\/2025\/09\/508405356_1114352847393747_8141215990831685269_n-1536x674.jpg 1536w, https:\/\/dartdebica.pl\/wp-content\/uploads\/2025\/09\/508405356_1114352847393747_8141215990831685269_n-2048x899.jpg 2048w\" sizes=\"auto, (max-width: 1024px) 100vw, 1024px\" \/><\/figure>\n\n\n\n<figure class=\"wp-block-image size-large\"><img loading=\"lazy\" decoding=\"async\" width=\"1024\" height=\"450\" data-id=\"195\" src=\"https:\/\/dartdebica.pl\/wp-content\/uploads\/2025\/09\/508475440_1114353407393691_6165636376781465467_n-1024x450.jpg\" alt=\"\" class=\"wp-image-195\" srcset=\"https:\/\/dartdebica.pl\/wp-content\/uploads\/2025\/09\/508475440_1114353407393691_6165636376781465467_n-1024x450.jpg 1024w, https:\/\/dartdebica.pl\/wp-content\/uploads\/2025\/09\/508475440_1114353407393691_6165636376781465467_n-300x132.jpg 300w, https:\/\/dartdebica.pl\/wp-content\/uploads\/2025\/09\/508475440_1114353407393691_6165636376781465467_n-768x337.jpg 768w, https:\/\/dartdebica.pl\/wp-content\/uploads\/2025\/09\/508475440_1114353407393691_6165636376781465467_n-1536x674.jpg 1536w, https:\/\/dartdebica.pl\/wp-content\/uploads\/2025\/09\/508475440_1114353407393691_6165636376781465467_n-2048x899.jpg 2048w\" sizes=\"auto, (max-width: 1024px) 100vw, 1024px\" \/><\/figure>\n<\/figure>\n\n\n\n<p>Dzia\u0142alno\u015b\u0107 charytatywna to wa\u017cna cz\u0119\u015b\u0107 naszej to\u017csamo\u015bci. Jeste\u015bmy dumni, \u017ce razem z Wami mo\u017cemy gra\u0107 nie tylko o punkty \u2014 ale przede wszystkim <strong>dla dobra innych<\/strong>.<\/p>\n","protected":false},"excerpt":{"rendered":"<p>W Stowarzyszeniu Dart D\u0119bica wierzymy, \u017ce sport mo\u017ce nie tylko \u0142\u0105czy\u0107 ludzi, ale tak\u017ce realnie pomaga\u0107 tym, kt\u00f3rzy najbardziej tego potrzebuj\u0105. Dlatego od lat aktywnie anga\u017cujemy si\u0119 w inicjatywy charytatywne, [&hellip;]<\/p>\n","protected":false},"author":1,"featured_media":0,"parent":0,"menu_order":0,"comment_status":"closed","ping_status":"closed","template":"","meta":{"_EventAllDay":false,"_EventTimezone":"","_EventStartDate":"","_EventEndDate":"","_EventStartDateUTC":"","_EventEndDateUTC":"","_EventShowMap":false,"_EventShowMapLink":false,"_EventURL":"","_EventCost":"","_EventCostDescription":"","_EventCurrencySymbol":"","_EventCurrencyCode":"","_EventCurrencyPosition":"","_EventDateTimeSeparator":"","_EventTimeRangeSeparator":"","_EventOrganizerID":[],"_EventVenueID":[],"_OrganizerEmail":"","_OrganizerPhone":"","_OrganizerWebsite":"","_VenueAddress":"","_VenueCity":"","_VenueCountry":"","_VenueProvince":"","_VenueState":"","_VenueZip":"","_VenuePhone":"","_VenueURL":"","_VenueStateProvince":"","_VenueLat":"","_VenueLng":"","_VenueShowMap":false,"_VenueShowMapLink":false,"_themeisle_gutenberg_block_has_review":false,"footnotes":""},"class_list":["post-186","page","type-page","status-publish","hentry"],"_links":{"self":[{"href":"https:\/\/dartdebica.pl\/index.php?rest_route=\/wp\/v2\/pages\/186","targetHints":{"allow":["GET"]}}],"collection":[{"href":"https:\/\/dartdebica.pl\/index.php?rest_route=\/wp\/v2\/pages"}],"about":[{"href":"https:\/\/dartdebica.pl\/index.php?rest_route=\/wp\/v2\/types\/page"}],"author":[{"embeddable":true,"href":"https:\/\/dartdebica.pl\/index.php?rest_route=\/wp\/v2\/users\/1"}],"replies":[{"embeddable":true,"href":"https:\/\/dartdebica.pl\/index.php?rest_route=%2Fwp%2Fv2%2Fcomments&post=186"}],"version-history":[{"count":3,"href":"https:\/\/dartdebica.pl\/index.php?rest_route=\/wp\/v2\/pages\/186\/revisions"}],"predecessor-version":[{"id":742,"href":"https:\/\/dartdebica.pl\/index.php?rest_route=\/wp\/v2\/pages\/186\/revisions\/742"}],"wp:attachment":[{"href":"https:\/\/dartdebica.pl\/index.php?rest_route=%2Fwp%2Fv2%2Fmedia&parent=186"}],"curies":[{"name":"wp","href":"https:\/\/api.w.org\/{rel}","templated":true}]}}