{"id":745,"date":"2025-10-08T11:17:07","date_gmt":"2025-10-08T09:17:07","guid":{"rendered":"http:\/\/dartdebica.pl\/?page_id=745"},"modified":"2025-10-08T11:17:07","modified_gmt":"2025-10-08T09:17:07","slug":"kontakt","status":"publish","type":"page","link":"https:\/\/dartdebica.pl\/?page_id=745","title":{"rendered":"Kontakt"},"content":{"rendered":"<div class=\"wpforms-container wpforms-container-full wpforms-block wpforms-block-a786c7d7-9b8a-413d-a4b4-b4cfd51f483e\" id=\"wpforms-31\"><form id=\"wpforms-form-31\" class=\"wpforms-validate wpforms-form wpforms-ajax-form\" data-formid=\"31\" method=\"post\" enctype=\"multipart\/form-data\" action=\"\/index.php?rest_route=%2Fwp%2Fv2%2Fpages%2F745\" data-token=\"48fba59b628973702e3399f3a4037475\" data-token-time=\"1776601172\"><noscript class=\"wpforms-error-noscript\">Please enable JavaScript in your browser to complete this form.<\/noscript><div class=\"wpforms-field-container\"><div id=\"wpforms-31-field_1-container\" class=\"wpforms-field wpforms-field-name\" data-field-id=\"1\"><label class=\"wpforms-field-label\" for=\"wpforms-31-field_1\">Imi\u0119 i nazwisko <span class=\"wpforms-required-label\">*<\/span><\/label><input type=\"text\" id=\"wpforms-31-field_1\" class=\"wpforms-field-medium wpforms-field-required\" name=\"wpforms[fields][1]\" required><\/div><div id=\"wpforms-31-field_2-container\" class=\"wpforms-field wpforms-field-email\" data-field-id=\"2\"><label class=\"wpforms-field-label\" for=\"wpforms-31-field_2\">Tw\u00f3j adres e-mail <span class=\"wpforms-required-label\">*<\/span><\/label><input type=\"email\" id=\"wpforms-31-field_2\" class=\"wpforms-field-medium wpforms-field-required\" name=\"wpforms[fields][2]\" spellcheck=\"false\" required><\/div>\t\t<div id=\"wpforms-31-field_5-container\"\n\t\t\tclass=\"wpforms-field wpforms-field-text\"\n\t\t\tdata-field-type=\"text\"\n\t\t\tdata-field-id=\"5\"\n\t\t\t>\n\t\t\t<label class=\"wpforms-field-label\" for=\"wpforms-31-field_5\" >wiadomo\u015bci adres wyboru<\/label>\n\t\t\t<input type=\"text\" id=\"wpforms-31-field_5\" class=\"wpforms-field-medium\" name=\"wpforms[fields][5]\" >\n\t\t<\/div>\n\t\t<div id=\"wpforms-31-field_6-container\" class=\"wpforms-field wpforms-field-text\" data-field-id=\"6\"><label class=\"wpforms-field-label\" for=\"wpforms-31-field_6\">Temat wiadomo\u015bci<\/label><input type=\"text\" id=\"wpforms-31-field_6\" class=\"wpforms-field-large\" name=\"wpforms[fields][6]\" ><\/div><div id=\"wpforms-31-field_3-container\" class=\"wpforms-field wpforms-field-textarea\" data-field-id=\"3\"><label class=\"wpforms-field-label\" for=\"wpforms-31-field_3\">Wiadomo\u015b\u0107 <span class=\"wpforms-required-label\">*<\/span><\/label><textarea id=\"wpforms-31-field_3\" class=\"wpforms-field-medium wpforms-field-required\" name=\"wpforms[fields][3]\" required><\/textarea><\/div><div id=\"wpforms-31-field_4-container\" class=\"wpforms-field wpforms-field-checkbox\" data-field-id=\"4\"><label class=\"wpforms-field-label\">Pola wyboru <span class=\"wpforms-required-label\">*<\/span><\/label><ul id=\"wpforms-31-field_4\" class=\"wpforms-field-required\"><li class=\"choice-1 depth-1\"><input type=\"checkbox\" id=\"wpforms-31-field_4_1\" name=\"wpforms[fields][4][]\" value=\"Zatwierd\u017a zgod\u0119 RODO aby wys\u0142a\u0107\" required ><label class=\"wpforms-field-label-inline\" for=\"wpforms-31-field_4_1\">Zatwierd\u017a zgod\u0119 RODO aby wys\u0142a\u0107<\/label><\/li><\/ul><div class=\"wpforms-field-description\">\u201eInformacja o przetwarzaniu danych osobowych w W Stowarzyszeniu Dart D\u0119bica. Zgodnie z art. 13 ust. 1 i ust.2 Rozporz\u0105dzenia Parlamentu Europejskiego i Rady (UE) 2016\/679 z dnia 27 kwietnia 2016 r. w sprawie ochrony os\u00f3b fizycznych w zwi\u0105zku z przetwarzaniem danych osobowych i w sprawie swobodnego przep\u0142ywu takich danych oraz uchylenia dyrektywy 95\/46\/WE (powo\u0142ywanego dalej: RODO) informujemy, \u017ce: \n1. Podstawowym celem RODO jest ochrona podstawowych praw i wolno\u015bci os\u00f3b fizycznych w zwi\u0105zku z przetwarzaniem danych osobowych. \n2. Administratorem danych osobowych jest Stowarzyszenie Dart D\u0119bica. \n3. Przetwarzamy dane osobowe, w szczeg\u00f3lno\u015bci na podstawie: wyra\u017conej zgody osoby, kt\u00f3rej dane dotycz\u0105 (art. 6 ust. 1 lit. a RODO), w zwi\u0105zku z wi\u0105\u017c\u0105c\u0105 nas umow\u0105 (art. 6 ust. 1 lit. b RODO), aby dope\u0142ni\u0107 obowi\u0105zk\u00f3w, kt\u00f3re wynikaj\u0105 z przepis\u00f3w prawa zwi\u0105zanych z zakresem naszej dzia\u0142alno\u015bci (art. 6 ust. 1 lit. c RODO). \n4. Szczeg\u00f3\u0142owe informacje dotycz\u0105ce przetwarzania danych osobowych oraz przys\u0142uguj\u0105cych praw mo\u017cna otrzyma\u0107 bezpo\u015brednio w toku realizacji spraw. \n5.Masz prawo do: uzyskania dost\u0119pu do swoich danych, za\u017c\u0105dania sprostowania swoich danych osobowych, przenoszenia danych, wniesienia sprzeciwu, usuni\u0119cia lub ograniczenia przetwarzania danych, je\u017celi przepisy prawa, na podstawie, kt\u00f3rych dane s\u0105 przetwarzane, b\u0119d\u0105 na to pozwala\u0107. \n6.Wnioski w sprawie realizacji praw dotycz\u0105cych danych osobowych mo\u017cna z\u0142o\u017cy\u0107: osobi\u015bcie w siedzibie Stowarzyszenia Dart D\u0119bica, lub elektronicznie na adres: dartdebica@gmail.com\u201d<\/div><\/div><script>\n\t\t\t\t( function() {\n\t\t\t\t\tconst style = document.createElement( 'style' );\n\t\t\t\t\tstyle.appendChild( document.createTextNode( '#wpforms-31-field_5-container { position: absolute !important; overflow: hidden !important; display: inline !important; height: 1px !important; width: 1px !important; z-index: -1000 !important; padding: 0 !important; } #wpforms-31-field_5-container input { visibility: hidden; } #wpforms-conversational-form-page #wpforms-31-field_5-container label { counter-increment: none; }' ) );\n\t\t\t\t\tdocument.head.appendChild( style );\n\t\t\t\t\tdocument.currentScript?.remove();\n\t\t\t\t} )();\n\t\t\t<\/script><\/div><!-- .wpforms-field-container --><div class=\"wpforms-submit-container\" ><input type=\"hidden\" name=\"wpforms[id]\" value=\"31\"><input type=\"hidden\" name=\"page_title\" value=\"\"><input type=\"hidden\" name=\"page_url\" value=\"https:\/\/dartdebica.pl\/index.php?rest_route=\/wp\/v2\/pages\/745\"><input type=\"hidden\" name=\"url_referer\" value=\"\"><button type=\"submit\" name=\"wpforms[submit]\" id=\"wpforms-submit-31\" class=\"wpforms-submit\" aria-live=\"assertive\" value=\"wpforms-submit\">Prze\u015blij<\/button><img loading=\"lazy\" decoding=\"async\" src=\"https:\/\/dartdebica.pl\/wp-content\/plugins\/wpforms-lite\/assets\/images\/submit-spin.svg\" class=\"wpforms-submit-spinner\" style=\"display: none;\" width=\"26\" height=\"26\" alt=\"Loading\"><\/div><\/form><\/div>  <!-- .wpforms-container -->","protected":false},"excerpt":{"rendered":"","protected":false},"author":1,"featured_media":0,"parent":0,"menu_order":0,"comment_status":"closed","ping_status":"closed","template":"","meta":{"_EventAllDay":false,"_EventTimezone":"","_EventStartDate":"","_EventEndDate":"","_EventStartDateUTC":"","_EventEndDateUTC":"","_EventShowMap":false,"_EventShowMapLink":false,"_EventURL":"","_EventCost":"","_EventCostDescription":"","_EventCurrencySymbol":"","_EventCurrencyCode":"","_EventCurrencyPosition":"","_EventDateTimeSeparator":"","_EventTimeRangeSeparator":"","_EventOrganizerID":[],"_EventVenueID":[],"_OrganizerEmail":"","_OrganizerPhone":"","_OrganizerWebsite":"","_VenueAddress":"","_VenueCity":"","_VenueCountry":"","_VenueProvince":"","_VenueState":"","_VenueZip":"","_VenuePhone":"","_VenueURL":"","_VenueStateProvince":"","_VenueLat":"","_VenueLng":"","_VenueShowMap":false,"_VenueShowMapLink":false,"_themeisle_gutenberg_block_has_review":false,"footnotes":""},"class_list":["post-745","page","type-page","status-publish","hentry"],"_links":{"self":[{"href":"https:\/\/dartdebica.pl\/index.php?rest_route=\/wp\/v2\/pages\/745","targetHints":{"allow":["GET"]}}],"collection":[{"href":"https:\/\/dartdebica.pl\/index.php?rest_route=\/wp\/v2\/pages"}],"about":[{"href":"https:\/\/dartdebica.pl\/index.php?rest_route=\/wp\/v2\/types\/page"}],"author":[{"embeddable":true,"href":"https:\/\/dartdebica.pl\/index.php?rest_route=\/wp\/v2\/users\/1"}],"replies":[{"embeddable":true,"href":"https:\/\/dartdebica.pl\/index.php?rest_route=%2Fwp%2Fv2%2Fcomments&post=745"}],"version-history":[{"count":1,"href":"https:\/\/dartdebica.pl\/index.php?rest_route=\/wp\/v2\/pages\/745\/revisions"}],"predecessor-version":[{"id":746,"href":"https:\/\/dartdebica.pl\/index.php?rest_route=\/wp\/v2\/pages\/745\/revisions\/746"}],"wp:attachment":[{"href":"https:\/\/dartdebica.pl\/index.php?rest_route=%2Fwp%2Fv2%2Fmedia&parent=745"}],"curies":[{"name":"wp","href":"https:\/\/api.w.org\/{rel}","templated":true}]}}